{"id":1468,"date":"2016-09-06T13:55:22","date_gmt":"2016-09-06T13:55:22","guid":{"rendered":"http:\/\/bridge89.qodeinteractive.com\/?page_id=5"},"modified":"2023-09-16T00:34:42","modified_gmt":"2023-09-16T00:34:42","slug":"home-4","status":"publish","type":"page","link":"https:\/\/gamalogisticservices.com\/","title":{"rendered":"Home"},"content":{"rendered":"<p>[vc_row css_animation=\u00bb\u00bb row_type=\u00bbrow\u00bb use_row_as_full_screen_section=\u00bbno\u00bb type=\u00bbfull_width\u00bb angled_section=\u00bbno\u00bb text_align=\u00bbleft\u00bb video=\u00bbshow_video\u00bb background_image_as_pattern=\u00bbwithout_pattern\u00bb z_index=\u00bb\u00bb video_mp4=\u00bbhttps:\/\/gamalogisticservices.com\/container_terminal_-_23008 (1080p).mp4&#8243; padding_top=\u00bb70&#8243; padding_bottom=\u00bb130&#8243; anchor=\u00bbhome\u00bb][vc_column][vc_row_inner row_type=\u00bbrow\u00bb type=\u00bbfull_width\u00bb text_align=\u00bbleft\u00bb css_animation=\u00bb\u00bb css=\u00bb.vc_custom_1694371639684{margin-right: 50px !important;margin-left: 50px !important;}\u00bb][vc_column_inner width=\u00bb2\/3&#8243;][\/vc_column_inner][vc_column_inner width=\u00bb1\/3&#8243; css=\u00bb.vc_custom_1694371650126{background-color: #ffffff !important;}\u00bb][vc_column_text css=\u00bb.vc_custom_1694368818313{margin-top: -25px !important;}\u00bb]<\/p>\n<h4>Donde la gente es lo <span style=\"color: #ff5a5f;\"> primero<\/span><\/h4>\n<p>[\/vc_column_text][vc_empty_space height=\u00bb10px\u00bb]\n<div class=\"wpcf7 no-js\" id=\"wpcf7-f133-o1\" lang=\"en-US\" dir=\"ltr\">\n<div class=\"screen-reader-response\"><p role=\"status\" aria-live=\"polite\" aria-atomic=\"true\"><\/p> <ul><\/ul><\/div>\n<form action=\"\/index.php\/wp-json\/wp\/v2\/pages\/1468#wpcf7-f133-o1\" method=\"post\" class=\"wpcf7-form init cf7_custom_style_1\" aria-label=\"Contact form\" novalidate=\"novalidate\" data-status=\"init\">\n<div style=\"display: none;\">\n<input type=\"hidden\" name=\"_wpcf7\" value=\"133\" \/>\n<input type=\"hidden\" name=\"_wpcf7_version\" value=\"5.8\" \/>\n<input type=\"hidden\" name=\"_wpcf7_locale\" value=\"en_US\" \/>\n<input type=\"hidden\" name=\"_wpcf7_unit_tag\" value=\"wpcf7-f133-o1\" \/>\n<input type=\"hidden\" name=\"_wpcf7_container_post\" value=\"0\" \/>\n<input type=\"hidden\" name=\"_wpcf7_posted_data_hash\" value=\"\" \/>\n<input type=\"hidden\" name=\"_wpcf7_recaptcha_response\" value=\"\" \/>\n<\/div>\n<p><span class=\"wpcf7-form-control-wrap\" data-name=\"your-name\"><input size=\"40\" class=\"wpcf7-form-control wpcf7-text wpcf7-validates-as-required margen_text\" aria-required=\"true\" aria-invalid=\"false\" placeholder=\"Tu nombre\" value=\"\" type=\"text\" name=\"your-name\" \/><\/span><br \/>\n<span class=\"wpcf7-form-control-wrap\" data-name=\"your-email\"><input size=\"40\" class=\"wpcf7-form-control wpcf7-email wpcf7-validates-as-required wpcf7-text wpcf7-validates-as-email margen_text\" aria-required=\"true\" aria-invalid=\"false\" placeholder=\"Tu correo\" value=\"\" type=\"email\" name=\"your-email\" \/><\/span><br \/>\n<span class=\"wpcf7-form-control-wrap\" data-name=\"your-message\"><textarea cols=\"10\" rows=\"4\" class=\"wpcf7-form-control wpcf7-textarea margen_text\" aria-invalid=\"false\" placeholder=\"Tu mensaje\" name=\"your-message\"><\/textarea><\/span><br \/>\n<br \/>\n<input class=\"wpcf7-form-control wpcf7-submit has-spinner boton_contacto\" type=\"submit\" value=\"Escr\u00edbenos ahora\" \/>\n<\/p><p style=\"display: none !important;\"><label>&#916;<textarea name=\"_wpcf7_ak_hp_textarea\" cols=\"45\" rows=\"8\" maxlength=\"100\"><\/textarea><\/label><input type=\"hidden\" id=\"ak_js_1\" name=\"_wpcf7_ak_js\" value=\"143\"\/><script>document.getElementById( \"ak_js_1\" ).setAttribute( \"value\", ( new Date() ).getTime() );<\/script><\/p><div class=\"wpcf7-response-output\" aria-hidden=\"true\"><\/div>\n<\/form>\n<\/div>\n[\/vc_column_inner][\/vc_row_inner][\/vc_column][\/vc_row][vc_row css_animation=\u00bb\u00bb row_type=\u00bbrow\u00bb use_row_as_full_screen_section=\u00bbno\u00bb type=\u00bbgrid\u00bb angled_section=\u00bbno\u00bb text_align=\u00bbleft\u00bb background_image_as_pattern=\u00bbwithout_pattern\u00bb][vc_column css=\u00bb.vc_custom_1481616437392{margin-top: -94px !important;padding-top: 94px !important;padding-bottom: 0px !important;background-color: #ffffff !important;}\u00bb][\/vc_column][\/vc_row][vc_row css_animation=\u00bb\u00bb row_type=\u00bbrow\u00bb use_row_as_full_screen_section=\u00bbno\u00bb type=\u00bbgrid\u00bb angled_section=\u00bbno\u00bb text_align=\u00bbcenter\u00bb background_image_as_pattern=\u00bbwithout_pattern\u00bb][vc_column css=\u00bb.vc_custom_1492092159406{margin-top: -46px !important;border-right-width: 1px !important;border-bottom-width: 0px !important;border-left-width: 0px !important;padding-top: 0px !important;padding-right: 48px !important;padding-bottom: 0px !important;padding-left: 48px !important;background-color: #ffffff !important;border-left-color: #eae9e9 !important;border-left-style: solid !important;border-right-color: #eae9e9 !important;border-right-style: solid !important;border-bottom-color: #eae9e9 !important;border-bottom-style: solid !important;}\u00bb offset=\u00bbvc_col-lg-4 vc_col-md-4&#8243;][qode_elements_holder number_of_columns=\u00bbone_column\u00bb][qode_elements_holder_item vertical_alignment=\u00bbtop\u00bb advanced_animations=\u00bbno\u00bb item_padding=\u00bb0 0 0 0&#8243; item_padding_600_768=\u00bb0 0 96px 0&#8243; item_padding_480_600=\u00bb0 0 96px 0&#8243; item_padding_480=\u00bb0 0 96px 0&#8243;][vc_single_image image=\u00bb288&#8243; img_size=\u00bbfull\u00bb alignment=\u00bbcenter\u00bb qode_css_animation=\u00bb\u00bb][vc_empty_space height=\u00bb29px\u00bb][vc_column_text]<\/p>\n<h4>Carga A\u00e9rea<\/h4>\n<p>[\/vc_column_text][vc_empty_space height=\u00bb22px\u00bb][vc_column_text]Contamos con una red de agentes especialista en transporte a\u00e9reo, trabajamos con las principales aerol\u00edneas.[\/vc_column_text][vc_empty_space height=\u00bb34px\u00bb][\/qode_elements_holder_item][\/qode_elements_holder][\/vc_column][vc_column css=\u00bb.vc_custom_1492092915762{margin-top: -46px !important;border-right-width: 1px !important;padding-top: 0px !important;padding-right: 48px !important;padding-bottom: 0px !important;padding-left: 48px !important;background-color: #ffffff !important;border-right-color: #ffffff !important;border-right-style: solid !important;}\u00bb offset=\u00bbvc_col-lg-4 vc_col-md-4&#8243;][qode_elements_holder number_of_columns=\u00bbone_column\u00bb][qode_elements_holder_item vertical_alignment=\u00bbtop\u00bb advanced_animations=\u00bbno\u00bb item_padding=\u00bb0 0 0 0&#8243;][vc_single_image image=\u00bb34&#8243; img_size=\u00bbfull\u00bb alignment=\u00bbcenter\u00bb qode_css_animation=\u00bb\u00bb][vc_empty_space height=\u00bb29px\u00bb][vc_column_text]<\/p>\n<h4>Carga M<strong>ar\u00edtima<\/strong><\/h4>\n<p>[\/vc_column_text][vc_empty_space height=\u00bb22px\u00bb][vc_column_text]Transportamos su carga suelta consolidad y en contenedor, desde y hacia cualquier parte del mundo.[\/vc_column_text][vc_empty_space height=\u00bb60px\u00bb][\/qode_elements_holder_item][\/qode_elements_holder][\/vc_column][vc_column css=\u00bb.vc_custom_1492092153224{margin-top: -46px !important;border-right-width: 1px !important;padding-top: 0px !important;padding-right: 48px !important;padding-left: 48px !important;background-color: #ffffff !important;border-right-color: #eae9e9 !important;border-right-style: solid !important;}\u00bb offset=\u00bbvc_col-lg-4 vc_col-md-4&#8243;][qode_elements_holder number_of_columns=\u00bbone_column\u00bb][qode_elements_holder_item vertical_alignment=\u00bbtop\u00bb advanced_animations=\u00bbno\u00bb item_padding=\u00bb0 0 0 0&#8243; item_padding_600_768=\u00bb0 0 96px 0&#8243; item_padding_480_600=\u00bb0 0 96px 0&#8243; item_padding_480=\u00bb0 0 96px 0&#8243;][vc_single_image image=\u00bb35&#8243; img_size=\u00bbfull\u00bb alignment=\u00bbcenter\u00bb qode_css_animation=\u00bb\u00bb][vc_empty_space height=\u00bb29px\u00bb][vc_column_text]<\/p>\n<h4>Carga Terrestre<\/h4>\n<p>[\/vc_column_text][vc_empty_space height=\u00bb22px\u00bb][vc_column_text]Transportamos su carga a nivel nacional en ciudad de Panam\u00e1, desde y hacia Centro Am\u00e9rica.[\/vc_column_text][vc_empty_space height=\u00bb60px\u00bb][\/qode_elements_holder_item][\/qode_elements_holder][\/vc_column][\/vc_row][vc_row css_animation=\u00bb\u00bb row_type=\u00bbrow\u00bb use_row_as_full_screen_section=\u00bbno\u00bb type=\u00bbgrid\u00bb angled_section=\u00bbno\u00bb text_align=\u00bbleft\u00bb background_image_as_pattern=\u00bbwithout_pattern\u00bb][vc_column css=\u00bb.vc_custom_1694375164026{padding-top: 20px !important;padding-bottom: 0px !important;background-color: #ffffff !important;}\u00bb][\/vc_column][\/vc_row][vc_row css_animation=\u00bb\u00bb row_type=\u00bbrow\u00bb use_row_as_full_screen_section=\u00bbno\u00bb type=\u00bbgrid\u00bb angled_section=\u00bbno\u00bb text_align=\u00bbcenter\u00bb background_image_as_pattern=\u00bbwithout_pattern\u00bb anchor=\u00bbnosotros\u00bb css=\u00bb.vc_custom_1694531753608{padding-top: 85px !important;}\u00bb z_index=\u00bb\u00bb][vc_column][vc_column_text]<\/p>\n<h2>Conocenos<\/h2>\n<p>[\/vc_column_text][vc_empty_space height=\u00bb10px\u00bb][vc_row_inner row_type=\u00bbrow\u00bb type=\u00bbfull_width\u00bb text_align=\u00bbleft\u00bb css_animation=\u00bb\u00bb][vc_column_inner width=\u00bb1\/4&#8243;][vc_empty_space height=\u00bb10px\u00bb][vc_single_image image=\u00bb1587&#8243; img_size=\u00bblarge\u00bb alignment=\u00bbcenter\u00bb qode_css_animation=\u00bb\u00bb][vc_empty_space][vc_single_image image=\u00bb1588&#8243; img_size=\u00bblarge\u00bb alignment=\u00bbcenter\u00bb qode_css_animation=\u00bb\u00bb][\/vc_column_inner][vc_column_inner width=\u00bb3\/4&#8243;][vc_empty_space height=\u00bb10px\u00bb][vc_column_text]<\/p>\n<p style=\"text-align: justify;\">Somos su mejor aliado para el manejo de sus cargas, contamos con experiencia y trayectoria en las diferentes \u00e1reas de log\u00edstica. Especialistas en el transporte internacional de carga, a\u00e9rea, mar\u00edtima y terrestre.<\/p>\n<p>[\/vc_column_text][vc_empty_space][vc_column_text]<\/p>\n<p style=\"text-align: justify;\">En el desafiante mundo de hoy, la eficiencia y confiabilidad son aspectos claves para la competitividad, por ello en <strong>GAMA LOGISTIC SERVICES PANAMA<\/strong> tenemos como misi\u00f3n consolidar una estrecha relaci\u00f3n con nuestros clientes a nivel nacional e internacional, basada en la confianza, respeto y transparencia; comprometidos con una alta calidad de servicios en soluciones log\u00edsticas de carga internacional, que permita incrementar la eficiencia y rentabilidad de sus operaciones.<\/p>\n<p>[\/vc_column_text][vc_empty_space][vc_column_text]<\/p>\n<p style=\"text-align: justify;\"><strong>Ser lideres en el mercado del transporte de carga internacional es nuestra meta<\/strong>, nuestros m\u00e1s fundamentales pilares se basan en ser un activo estrat\u00e9gico y l\u00edder en proveer soluciones del transporte de carga internacional<\/p>\n<p>[\/vc_column_text][vc_empty_space][vc_column_text]<\/p>\n<p style=\"text-align: justify;\">Desarrollamos una red de trabajo transparente y con altos est\u00e1ndares profesionales para crear un valor com\u00fan. Ofrecemos soluciones integrales basadas en la innovaci\u00f3n continua seg\u00fan las necesidades de nuestros clientes.<\/p>\n<p>[\/vc_column_text][\/vc_column_inner][\/vc_row_inner][vc_empty_space][qode_elements_holder number_of_columns=\u00bbone_column\u00bb][qode_elements_holder_item advanced_animations=\u00bbno\u00bb item_padding=\u00bb0px 20px 0px 20px\u00bb][vc_column_text]<\/p>\n<p style=\"text-align: justify;\"><strong>NUESTRO SERVICIO, SU TRANQUILIDAD. <\/strong>Le brindamos una atenci\u00f3n personalizada para garantizarle el control de sus embarques, contamos con la experiencia adecuada para que te sientas confiado a la hora de coordinar una carga con nosotros.<\/p>\n<p>[\/vc_column_text][\/qode_elements_holder_item][qode_elements_holder_item advanced_animations=\u00bbno\u00bb item_padding=\u00bb0px 20px 0px 20px\u00bb][vc_column_text]<\/p>\n<p style=\"text-align: justify;\"><strong>GARANT\u00cdA DE SATISFACCI\u00d3N. <\/strong>Sabemos la importancia de cumplir con sus procesos de entrega, por esto le ofrecemos soluciones innovadoras y personalizadas, ayud\u00e1ndole a transportar su carga con la mayor seguridad a cualquier parte del mundo.<\/p>\n<p>[\/vc_column_text][\/qode_elements_holder_item][\/qode_elements_holder][vc_empty_space][qode_elements_holder number_of_columns=\u00bbone_column\u00bb][qode_elements_holder_item advanced_animations=\u00bbno\u00bb item_padding=\u00bb0px 20px 0px 20px\u00bb][vc_column_text]<\/p>\n<p style=\"text-align: justify;\"><strong>MAYOR RENTABILIDAD. <\/strong>Nuestro objetivo es satisfacer la demanda en las mejores condiciones de servicio, coste y calidad.<\/p>\n<p>[\/vc_column_text][\/qode_elements_holder_item][qode_elements_holder_item advanced_animations=\u00bbno\u00bb item_padding=\u00bb0px 20px 0px 20px\u00bb][vc_column_text]<\/p>\n<p style=\"text-align: justify;\"><strong>DISPONGA DE UN SERVICIO CONTINUO. <\/strong>Nuestro personal operativo, garantizara un seguimiento adecuado y continuo a todos sus embarques.<\/p>\n<p>[\/vc_column_text][\/qode_elements_holder_item][\/qode_elements_holder][vc_empty_space height=\u00bb50px\u00bb][\/vc_column][\/vc_row][vc_row css_animation=\u00bb\u00bb row_type=\u00bbrow\u00bb use_row_as_full_screen_section=\u00bbno\u00bb type=\u00bbgrid\u00bb angled_section=\u00bbno\u00bb text_align=\u00bbcenter\u00bb background_image_as_pattern=\u00bbwithout_pattern\u00bb anchor=\u00bbservicios\u00bb css=\u00bb.vc_custom_1694531586511{padding-top: 85px !important;padding-bottom: 100px !important;}\u00bb z_index=\u00bb\u00bb][vc_column][vc_column_text]<\/p>\n<h2>Nuestros Servicios<\/h2>\n<p>[\/vc_column_text][vc_empty_space height=\u00bb10px\u00bb]<div class=\"qode-workflow  qode-workflow-animate\">\n    <span class=\"main-line\" style=\"\"><\/span>\n    <div class=\"qode-workflow-item\">\n    <span class=\"line\" style=\"\"><\/span>\n    <div class=\"qode-workflow-item-inner \">\n        <div class=\"qode-workflow-image center\">\n            <img loading=\"lazy\" decoding=\"async\" width=\"921\" height=\"614\" src=\"https:\/\/gamalogisticservices.com\/wp-content\/uploads\/2023\/09\/1.fw_.png\" class=\"attachment-full size-full\" alt=\"\" srcset=\"https:\/\/gamalogisticservices.com\/wp-content\/uploads\/2023\/09\/1.fw_.png 921w, https:\/\/gamalogisticservices.com\/wp-content\/uploads\/2023\/09\/1.fw_-300x200.png 300w, https:\/\/gamalogisticservices.com\/wp-content\/uploads\/2023\/09\/1.fw_-768x512.png 768w, https:\/\/gamalogisticservices.com\/wp-content\/uploads\/2023\/09\/1.fw_-700x467.png 700w\" sizes=\"auto, (max-width: 921px) 100vw, 921px\" \/>        <\/div>\n        <div class=\"qode-workflow-text\">\n            <span class=\"circle\" style=\"\"><\/span>\n                            <h3>AGENTES DE CARGA INTERNACIONAL<\/h3>\n                                                    <p class=\"text\">Las razones para contratar un agente de carga son muchas, pero la principal es la experiencia en el manejo que va a tener su carga en GAMA LOGISTIC SERVICES Nos encargaremos de la coordinaci\u00f3n puerta a puerta. Somos su intermediario de confianza con las principales y m\u00e1s grandes compa\u00f1\u00edas de transporte de carga.<\/p>\n<p>Le brindamos la seguridad de que su carga recibir\u00e1 la atenci\u00f3n personalizada que merece.<\/p>\n                    <\/div>\n    <\/div>\n<\/div><\/div><div class=\"qode-workflow  qode-workflow-animate\">\n    <span class=\"main-line\" style=\"\"><\/span>\n    <div class=\"qode-workflow-item\">\n    <span class=\"line\" style=\"\"><\/span>\n    <div class=\"qode-workflow-item-inner reverse\">\n        <div class=\"qode-workflow-image center\">\n            <img loading=\"lazy\" decoding=\"async\" width=\"781\" height=\"520\" src=\"https:\/\/gamalogisticservices.com\/wp-content\/uploads\/2023\/09\/2.fw_.png\" class=\"attachment-full size-full\" alt=\"\" srcset=\"https:\/\/gamalogisticservices.com\/wp-content\/uploads\/2023\/09\/2.fw_.png 781w, https:\/\/gamalogisticservices.com\/wp-content\/uploads\/2023\/09\/2.fw_-300x200.png 300w, https:\/\/gamalogisticservices.com\/wp-content\/uploads\/2023\/09\/2.fw_-768x511.png 768w, https:\/\/gamalogisticservices.com\/wp-content\/uploads\/2023\/09\/2.fw_-700x466.png 700w\" sizes=\"auto, (max-width: 781px) 100vw, 781px\" \/>        <\/div>\n        <div class=\"qode-workflow-text\">\n            <span class=\"circle\" style=\"\"><\/span>\n                            <h3>DESPACHO DE ADUANAS<\/h3>\n                                                    <p class=\"text\">Contar con un buen agente de aduanas, le ayudara en el proceso de su log\u00edstica, ya que es la persona id\u00f3nea para la nacionalizaci\u00f3n de su carga, el pago de sus impuestos, declaraci\u00f3n mediante los tr\u00e1mites de importaci\u00f3n y exportaci\u00f3n.<br \/>\nEn GAMA LOGISTIC SERVICES, tenemos agentes de aduana aliados que de seguro le ayudaran en su proceso log\u00edstico<br \/>\nTener un agente de aduana id\u00f3neo y con experiencia le ahorrara tiempo en sus entregas<\/p>\n                    <\/div>\n    <\/div>\n<\/div><\/div><div class=\"qode-workflow  qode-workflow-animate\">\n    <span class=\"main-line\" style=\"\"><\/span>\n    <div class=\"qode-workflow-item\">\n    <span class=\"line\" style=\"\"><\/span>\n    <div class=\"qode-workflow-item-inner \">\n        <div class=\"qode-workflow-image center\">\n            <img loading=\"lazy\" decoding=\"async\" width=\"921\" height=\"614\" src=\"https:\/\/gamalogisticservices.com\/wp-content\/uploads\/2023\/09\/3.fw_.png\" class=\"attachment-full size-full\" alt=\"\" srcset=\"https:\/\/gamalogisticservices.com\/wp-content\/uploads\/2023\/09\/3.fw_.png 921w, https:\/\/gamalogisticservices.com\/wp-content\/uploads\/2023\/09\/3.fw_-300x200.png 300w, https:\/\/gamalogisticservices.com\/wp-content\/uploads\/2023\/09\/3.fw_-768x512.png 768w, https:\/\/gamalogisticservices.com\/wp-content\/uploads\/2023\/09\/3.fw_-700x467.png 700w\" sizes=\"auto, (max-width: 921px) 100vw, 921px\" \/>        <\/div>\n        <div class=\"qode-workflow-text\">\n            <span class=\"circle\" style=\"\"><\/span>\n                            <h3>ALMACENAJE Y BODEGA<\/h3>\n                                                    <p class=\"text\">En la cadena log\u00edstica muchas veces requerir\u00e1 este servicio. El servicio de almacenaje de su carga debe ser respaldado por una empresa que le brinde confianza.<br \/>\nEn Gama logistic Services, su carga esta en las mejores manos. Tenemos la experiencia en el manejo de inventario, reempaque, asesor\u00eda y distribuci\u00f3n a nivel nacional e internacional<br \/>\nContamos con bodegas ubicadas estrat\u00e9gicamente en la Zona libre de Colon y en ciudad de Panam\u00e1<\/p>\n                    <\/div>\n    <\/div>\n<\/div><\/div><div class=\"qode-workflow  qode-workflow-animate\">\n    <span class=\"main-line\" style=\"\"><\/span>\n    <div class=\"qode-workflow-item\">\n    <span class=\"line\" style=\"\"><\/span>\n    <div class=\"qode-workflow-item-inner reverse\">\n        <div class=\"qode-workflow-image center\">\n            <img loading=\"lazy\" decoding=\"async\" width=\"921\" height=\"501\" src=\"https:\/\/gamalogisticservices.com\/wp-content\/uploads\/2023\/09\/4.fw_-1.png\" class=\"attachment-full size-full\" alt=\"\" srcset=\"https:\/\/gamalogisticservices.com\/wp-content\/uploads\/2023\/09\/4.fw_-1.png 921w, https:\/\/gamalogisticservices.com\/wp-content\/uploads\/2023\/09\/4.fw_-1-300x163.png 300w, https:\/\/gamalogisticservices.com\/wp-content\/uploads\/2023\/09\/4.fw_-1-768x418.png 768w, https:\/\/gamalogisticservices.com\/wp-content\/uploads\/2023\/09\/4.fw_-1-700x381.png 700w\" sizes=\"auto, (max-width: 921px) 100vw, 921px\" \/>        <\/div>\n        <div class=\"qode-workflow-text\">\n            <span class=\"circle\" style=\"\"><\/span>\n                            <h3>MANEJAMOS TODO TIPO DE CARGA<\/h3>\n                                                    <p class=\"text\">Todos los productos requerir\u00e1n de un tipo de manejo de acuerdo a su categor\u00eda para elegir el embalaje, transporte y movilizaci\u00f3n apropiada<br \/>\nHay dos tipos principales de carga: carga general y granel. Seg\u00fan su naturaleza podr\u00eda ser peligrosa, perecedera y fr\u00e1gil<br \/>\nEn Gama Logistic services, somos experto en el manejo de este tipo de carga. Contamos con la experiencia ya que nos dedicamos a ello d\u00eda a d\u00eda<br \/>\nNos encargamos de conseguir las reservas y aprobaciones ante las diferentes agencias de transporte mundial<br \/>\nPor esto nuestro slogan. HACEMOS LO QUE OTROS NO PUEDEN HACER<\/p>\n                    <\/div>\n    <\/div>\n<\/div><\/div>[\/vc_column][\/vc_row][vc_row css_animation=\u00bb\u00bb row_type=\u00bbrow\u00bb use_row_as_full_screen_section=\u00bbno\u00bb type=\u00bbgrid\u00bb angled_section=\u00bbno\u00bb text_align=\u00bbleft\u00bb background_image_as_pattern=\u00bbwithout_pattern\u00bb anchor=\u00bbamenities\u00bb css=\u00bb.vc_custom_1491838385477{padding-top: 16px !important;padding-bottom: 103px !important;}\u00bb][vc_column offset=\u00bbvc_col-lg-6 vc_col-md-6&#8243;][vc_column_text]<\/p>\n<h4>Compra lo que quieras EN CHINA<strong>.<\/strong> Nosotros nos encargamos de la LOGISTICA.<\/h4>\n<p>[\/vc_column_text][vc_empty_space height=\u00bb20px\u00bb][vc_column_text]Importa menos de un container![\/vc_column_text][vc_empty_space height=\u00bb42px\u00bb][vc_single_image image=\u00bb1590&#8243; img_size=\u00bblarge\u00bb qode_css_animation=\u00bb\u00bb][vc_empty_space height=\u00bb50px\u00bb][\/vc_column][vc_column offset=\u00bbvc_col-lg-6 vc_col-md-6&#8243;][vc_empty_space height=\u00bb5px\u00bb]<div class=\"qode-comparative-features-table qode-cft-one-column\">\n\t<div class=\"qode-cft-header qode-cft-row\">\n\t\t<div class=\"qode-cft-title-holder\">\n\t\t\t<h6 class=\"qode-cft-title\">\n\t\t\tServicio Consolidado\t\t<\/h6>\n\t<\/div>\n\t<\/div>\n\t<div class=\"qode-cft-feature qode-cft-row\">\n\t<p class=\"qode-cft-feature-title\">\n\tInspeccion de Fabrica\t<\/p>\n\t\t\t\t<div class=\"qode-cft-feature-value\">\n\t\t\t<p class=\"qode-cft-feature-item-title-responsive\">\n\t\t\tInspeccion de Fabrica\t\t\t<\/p>\n\t\t\t<span class=\"icon_check qode-cft-mark qode-cft-active\"><\/span>\t\t\t<\/div>\n\t\t\t\t<\/div>\n\t<div class=\"qode-cft-feature qode-cft-row\">\n\t<p class=\"qode-cft-feature-title\">\n\tSeguro de Carga\t<\/p>\n\t\t\t\t<div class=\"qode-cft-feature-value\">\n\t\t\t<p class=\"qode-cft-feature-item-title-responsive\">\n\t\t\tSeguro de Carga\t\t\t<\/p>\n\t\t\t<span class=\"icon_check qode-cft-mark qode-cft-active\"><\/span>\t\t\t<\/div>\n\t\t\t\t<\/div>\n\t<div class=\"qode-cft-feature qode-cft-row\">\n\t<p class=\"qode-cft-feature-title\">\n\tTiempos de Entrega\t<\/p>\n\t\t\t\t<div class=\"qode-cft-feature-value\">\n\t\t\t<p class=\"qode-cft-feature-item-title-responsive\">\n\t\t\tTiempos de Entrega\t\t\t<\/p>\n\t\t\t<span class=\"icon_check qode-cft-mark qode-cft-active\"><\/span>\t\t\t<\/div>\n\t\t\t\t<\/div>\n\t<div class=\"qode-cft-feature qode-cft-row\">\n\t<p class=\"qode-cft-feature-title\">\n\tDesconsolidacion\t<\/p>\n\t\t\t\t<div class=\"qode-cft-feature-value\">\n\t\t\t<p class=\"qode-cft-feature-item-title-responsive\">\n\t\t\tDesconsolidacion\t\t\t<\/p>\n\t\t\t<span class=\"icon_check qode-cft-mark qode-cft-active\"><\/span>\t\t\t<\/div>\n\t\t\t\t<\/div>\n<\/div>[vc_empty_space height=\u00bb50px\u00bb][\/vc_column][\/vc_row][vc_row css_animation=\u00bb\u00bb row_type=\u00bbrow\u00bb use_row_as_full_screen_section=\u00bbno\u00bb type=\u00bbfull_width\u00bb angled_section=\u00bbno\u00bb text_align=\u00bbcenter\u00bb background_image_as_pattern=\u00bbwithout_pattern\u00bb css=\u00bb.vc_custom_1694531639571{background-image: url(https:\/\/gamalogisticservices.com\/wp-content\/uploads\/2023\/09\/background.jpg?id=1407) !important;}\u00bb z_index=\u00bb\u00bb anchor=\u00bbcontacto\u00bb][vc_column css=\u00bb.vc_custom_1491835335390{padding-top: 10.4% !important;padding-bottom: 9.6% !important;}\u00bb][vc_column_text]<\/p>\n<h1><span style=\"color: #ffffff;\">S\u00edguenos<\/span><\/h1>\n<p>[\/vc_column_text][vc_empty_space height=\u00bb44px\u00bb]<span data-type=\"square\" data-hover-bg-color=\"#f7f7f7\" data-hover-icon-color=\"#303030\" class=\"qode_icon_shortcode fa-stack q_font_awsome_icon_square fa-lg  \" style=\"background-color: #ffffff;border: 0;margin: 0 5px 0 0;font-size: 14px;font-size: 25px;border-radius: 2px; \"><a   itemprop=\"url\" href=\"https:\/\/www.instagram.com\/gama_logistic_panama_\/\" target=\"_blank\"><span aria-hidden=\"true\" class=\"qode_icon_font_elegant social_instagram qode_icon_element\" style=\"font-size: 14px;color: #303030;\" ><\/span><\/a><\/span>[\/vc_column][\/vc_row]<\/p>\n","protected":false},"excerpt":{"rendered":"<p>[vc_row css_animation=\u00bb\u00bb row_type=\u00bbrow\u00bb use_row_as_full_screen_section=\u00bbno\u00bb type=\u00bbfull_width\u00bb angled_section=\u00bbno\u00bb text_align=\u00bbleft\u00bb video=\u00bbshow_video\u00bb background_image_as_pattern=\u00bbwithout_pattern\u00bb z_index=\u00bb\u00bb video_mp4=\u00bbhttps:\/\/gamalogisticservices.com\/container_terminal_-_23008 (1080p).mp4&#8243; padding_top=\u00bb70&#8243; padding_bottom=\u00bb130&#8243; anchor=\u00bbhome\u00bb][vc_column][vc_row_inner row_type=\u00bbrow\u00bb type=\u00bbfull_width\u00bb text_align=\u00bbleft\u00bb css_animation=\u00bb\u00bb css=\u00bb.vc_custom_1694371639684{margin-right: 50px !important;margin-left: 50px !important;}\u00bb][vc_column_inner width=\u00bb2\/3&#8243;][\/vc_column_inner][vc_column_inner width=\u00bb1\/3&#8243; css=\u00bb.vc_custom_1694371650126{background-color: #ffffff !important;}\u00bb][vc_column_text css=\u00bb.vc_custom_1694368818313{margin-top: -25px !important;}\u00bb] Donde la gente es lo primero [\/vc_column_text][vc_empty_space height=\u00bb10px\u00bb][\/vc_column_inner][\/vc_row_inner][\/vc_column][\/vc_row][vc_row css_animation=\u00bb\u00bb row_type=\u00bbrow\u00bb use_row_as_full_screen_section=\u00bbno\u00bb type=\u00bbgrid\u00bb angled_section=\u00bbno\u00bb&#8230;<\/p>\n","protected":false},"author":1,"featured_media":0,"parent":0,"menu_order":0,"comment_status":"closed","ping_status":"closed","template":"full_width.php","meta":{"_joinchat":[],"footnotes":""},"class_list":["post-1468","page","type-page","status-publish","hentry"],"aioseo_notices":[],"_links":{"self":[{"href":"https:\/\/gamalogisticservices.com\/index.php\/wp-json\/wp\/v2\/pages\/1468","targetHints":{"allow":["GET"]}}],"collection":[{"href":"https:\/\/gamalogisticservices.com\/index.php\/wp-json\/wp\/v2\/pages"}],"about":[{"href":"https:\/\/gamalogisticservices.com\/index.php\/wp-json\/wp\/v2\/types\/page"}],"author":[{"embeddable":true,"href":"https:\/\/gamalogisticservices.com\/index.php\/wp-json\/wp\/v2\/users\/1"}],"replies":[{"embeddable":true,"href":"https:\/\/gamalogisticservices.com\/index.php\/wp-json\/wp\/v2\/comments?post=1468"}],"version-history":[{"count":103,"href":"https:\/\/gamalogisticservices.com\/index.php\/wp-json\/wp\/v2\/pages\/1468\/revisions"}],"predecessor-version":[{"id":1603,"href":"https:\/\/gamalogisticservices.com\/index.php\/wp-json\/wp\/v2\/pages\/1468\/revisions\/1603"}],"wp:attachment":[{"href":"https:\/\/gamalogisticservices.com\/index.php\/wp-json\/wp\/v2\/media?parent=1468"}],"curies":[{"name":"wp","href":"https:\/\/api.w.org\/{rel}","templated":true}]}}